{"id":71,"date":"2020-07-19T19:40:00","date_gmt":"2020-07-19T17:40:00","guid":{"rendered":""},"modified":"2021-04-02T13:51:21","modified_gmt":"2021-04-02T11:51:21","slug":"partenaires","status":"publish","type":"page","link":"https:\/\/tendressersonquotidien.fr\/?page_id=71","title":{"rendered":"Partenaires"},"content":{"rendered":"<p>[et_pb_section fb_built=\u00a0\u00bb1&Prime; _builder_version=\u00a0\u00bb4.9.0&Prime; hover_enabled=\u00a0\u00bb0&Prime; background_color=\u00a0\u00bb#ffffff\u00a0\u00bb sticky_enabled=\u00a0\u00bb0&Prime; background_enable_image=\u00a0\u00bboff\u00a0\u00bb][et_pb_row _builder_version=\u00a0\u00bb4.9.0&Prime; background_color=\u00a0\u00bbrgba(255,255,255,0.68)\u00a0\u00bb background_size=\u00a0\u00bbinitial\u00a0\u00bb background_position=\u00a0\u00bbtop_left\u00a0\u00bb background_repeat=\u00a0\u00bbrepeat\u00a0\u00bb width=\u00a0\u00bb90%\u00a0\u00bb max_width=\u00a0\u00bb1560px\u00a0\u00bb module_alignment=\u00a0\u00bbcenter\u00a0\u00bb][et_pb_column type=\u00a0\u00bb4_4&Prime; _builder_version=\u00a0\u00bb3.25&Prime; custom_padding=\u00a0\u00bb|||\u00a0\u00bb custom_padding__hover=\u00a0\u00bb|||\u00a0\u00bb][et_pb_text _builder_version=\u00a0\u00bb4.9.0&Prime; background_size=\u00a0\u00bbinitial\u00a0\u00bb background_position=\u00a0\u00bbtop_left\u00a0\u00bb background_repeat=\u00a0\u00bbrepeat\u00a0\u00bb width=\u00a0\u00bb80%\u00a0\u00bb max_width=\u00a0\u00bb80%\u00a0\u00bb module_alignment=\u00a0\u00bbcenter\u00a0\u00bb]<\/p>\n<p><span style=\"color: #134f5c;\">Nous remercions tous les intervenants patients pour leur contribution dans la r\u00e9alisation<\/span><\/p>\n<div>\n<p><span style=\"color: #134f5c;\">de ce blog\u00a0<\/span><\/p>\n<div>\n<div style=\"clear: both; text-align: center;\"><a href=\"http:\/\/tendressersonquotidien.fr\/wp-content\/uploads\/2020\/07\/la-2Bvie-2Best-2Bmiracle-2B-25282-2529.jpg\" style=\"clear: right; float: right; margin-bottom: 1em; margin-left: 1em;\"><img decoding=\"async\" loading=\"lazy\" border=\"0\" data-original-height=\"1038\" data-original-width=\"778\" height=\"238\" src=\"http:\/\/tendressersonquotidien.fr\/wp-content\/uploads\/2020\/07\/la-2Bvie-2Best-2Bmiracle-2B-25282-2529-225x300.jpg\" width=\"171\" \/><\/a><\/div>\n<div><span style=\"color: #134f5c;\">Florence L pour la cr\u00e9ation et l&rsquo;administration du blog<\/span><\/div>\n<div><span style=\"color: #134f5c;\"><br \/> <\/span><\/div>\n<div><span style=\"color: #134f5c;\">Philippe, pour ces magnifiques clich\u00e9s r\u00e9alis\u00e9s\u00a0\u00a0<\/span><\/div>\n<div><span style=\"color: #134f5c;\">pour l&rsquo;association Tendresser et bien d&rsquo;autres ici <\/span>:<\/div>\n<div><a href=\"https:\/\/philippe-delaneau-photographies.webnode.fr\/\">https:\/\/philippe-delaneau-photographies.webnode.fr\/<\/a><\/div>\n<\/div>\n<div><span style=\"color: #134f5c;\">Maryse, pour les illustrations\u00a0<\/span><\/div>\n<div><a href=\"https:\/\/marysedessins.blogspot.com\/\">https:\/\/marysedessins.blogspot.com\/<\/a><\/div>\n<div><\/div>\n<div><span style=\"color: #134f5c;\">Alexandra, Dany et Florence T pour la relecture et les reformulations<\/span><\/div>\n<div><\/div>\n<div><\/div>\n<div><span style=\"color: #134f5c;\">S\u00e9verine, pour le soutien et la cr\u00e9ation des flyers<\/span><\/div>\n<div>\n<div style=\"clear: both; text-align: right;\"><a href=\"http:\/\/tendressersonquotidien.fr\/wp-content\/uploads\/2020\/07\/flyer-2Bzoom-2Bautomne.png\" style=\"clear: right; float: right; margin-bottom: 1em; margin-left: 1em;\"><img decoding=\"async\" loading=\"lazy\" border=\"0\" data-original-height=\"936\" data-original-width=\"1998\" height=\"170\" src=\"http:\/\/tendressersonquotidien.fr\/wp-content\/uploads\/2020\/07\/flyer-2Bzoom-2Bautomne-300x141.png\" width=\"400\" \/><\/a><\/div>\n<\/div>\n<div><\/div>\n<div><\/div>\n<div><\/div>\n<div><\/div>\n<div><\/div>\n<div><\/div>\n<div><span style=\"color: #134f5c;\"><br \/> <\/span><\/div>\n<div><span style=\"color: #134f5c;\"><br \/> <\/span><\/div>\n<div><span style=\"color: #134f5c;\"><br \/> <\/span><\/div>\n<div><span style=\"color: #134f5c;\">Camille, pour les futures illustrations \u00e0 d\u00e9couvrir bient\u00f4t&#8230;<\/span><\/div>\n<\/div>\n<div><span style=\"color: #134f5c;\"><br \/> <\/span><\/div>\n<div><span style=\"color: #134f5c;\">Et avant tout, Vincent<\/span><span style=\"color: #134f5c;\">, pour ses conseils et connaissances concernant l&rsquo;organisation et la conception du blog \ud83d\ude00<span><a name=\"more\"><\/a><\/span><span><!--more--><\/span><\/span><\/div>\n<p>[\/et_pb_text][\/et_pb_column][\/et_pb_row][\/et_pb_section]<\/p>\n","protected":false},"excerpt":{"rendered":"<p>Nous remercions tous les intervenants patients pour leur contribution dans la r\u00e9alisation de ce blog\u00a0 Florence L pour la cr\u00e9ation et l&rsquo;administration du blog Philippe, pour ces magnifiques clich\u00e9s r\u00e9alis\u00e9s\u00a0\u00a0 pour l&rsquo;association Tendresser et bien d&rsquo;autres ici : https:\/\/philippe-delaneau-photographies.webnode.fr\/ Maryse, pour les illustrations\u00a0 https:\/\/marysedessins.blogspot.com\/ Alexandra, Dany et Florence T pour la relecture et les reformulations [&hellip;]<\/p>\n","protected":false},"author":1,"featured_media":104,"parent":0,"menu_order":0,"comment_status":"open","ping_status":"open","template":"","meta":{"_et_pb_use_builder":"on","_et_pb_old_content":"<span style=\"color: #134f5c;\">Nous remercions tous les intervenants patients pour leur contribution dans la r\u00e9alisation<\/span>\n<div><span style=\"color: #134f5c;\">de ce blog&nbsp;<\/span>\n<div>\n<div style=\"clear: both; text-align: center;\"><a href=\"http:\/\/tendressersonquotidien.fr\/wp-content\/uploads\/2020\/07\/la-2Bvie-2Best-2Bmiracle-2B-25282-2529.jpg\" style=\"clear: right; float: right; margin-bottom: 1em; margin-left: 1em;\"><img border=\"0\" data-original-height=\"1038\" data-original-width=\"778\" height=\"238\" src=\"http:\/\/tendressersonquotidien.fr\/wp-content\/uploads\/2020\/07\/la-2Bvie-2Best-2Bmiracle-2B-25282-2529-225x300.jpg\" width=\"171\"><\/a><\/div>\n<div><span style=\"color: #134f5c;\">Florence L pour la cr\u00e9ation et l'administration du blog<\/span><\/div>\n<div><span style=\"color: #134f5c;\">\n<\/span><\/div>\n<div><span style=\"color: #134f5c;\">Philippe, pour ces magnifiques clich\u00e9s r\u00e9alis\u00e9s&nbsp;&nbsp;<\/span><\/div>\n<div><span style=\"color: #134f5c;\">pour l'association Tendresser et bien d'autres ici <\/span>:<\/div>\n<div><a href=\"https:\/\/philippe-delaneau-photographies.webnode.fr\/\">https:\/\/philippe-delaneau-photographies.webnode.fr\/<\/a><\/div>\n<\/div>\n<div><span style=\"color: #134f5c;\">Maryse, pour les illustrations&nbsp;<\/span><\/div>\n<div><a href=\"https:\/\/marysedessins.blogspot.com\/\">https:\/\/marysedessins.blogspot.com\/<\/a><\/div>\n<div><\/div>\n<div><span style=\"color: #134f5c;\">Alexandra, Dany et Florence T pour la relecture et les reformulations<\/span><\/div>\n<div><\/div>\n<div><\/div>\n<div><span style=\"color: #134f5c;\">S\u00e9verine, pour le soutien et la cr\u00e9ation des flyers<\/span><\/div>\n<div>\n<div style=\"clear: both; text-align: right;\"><a href=\"http:\/\/tendressersonquotidien.fr\/wp-content\/uploads\/2020\/07\/flyer-2Bzoom-2Bautomne.png\" style=\"clear: right; float: right; margin-bottom: 1em; margin-left: 1em;\"><img border=\"0\" data-original-height=\"936\" data-original-width=\"1998\" height=\"170\" src=\"http:\/\/tendressersonquotidien.fr\/wp-content\/uploads\/2020\/07\/flyer-2Bzoom-2Bautomne-300x141.png\" width=\"400\"><\/a><\/div>\n<\/div>\n<div><\/div>\n<div><\/div>\n<div><\/div>\n<div><\/div>\n<div><\/div>\n<div><\/div>\n<div><span style=\"color: #134f5c;\">\n<\/span><\/div>\n<div><span style=\"color: #134f5c;\">\n<\/span><\/div>\n<div><span style=\"color: #134f5c;\">\n<\/span><\/div>\n<div><span style=\"color: #134f5c;\">Camille, pour les futures illustrations \u00e0 d\u00e9couvrir bient\u00f4t...<\/span><\/div>\n<\/div>\n<div><span style=\"color: #134f5c;\">\n<\/span><\/div>\n<div><span style=\"color: #134f5c;\">Et avant tout, Vincent<\/span><span style=\"color: #134f5c;\">, pour ses conseils et connaissances concernant l'organisation et la conception du blog \ud83d\ude00<span><a name=\"more\"><\/a><\/span><span><!--more--><\/span><\/span><\/div>","_et_gb_content_width":"1080"},"_links":{"self":[{"href":"https:\/\/tendressersonquotidien.fr\/index.php?rest_route=\/wp\/v2\/pages\/71"}],"collection":[{"href":"https:\/\/tendressersonquotidien.fr\/index.php?rest_route=\/wp\/v2\/pages"}],"about":[{"href":"https:\/\/tendressersonquotidien.fr\/index.php?rest_route=\/wp\/v2\/types\/page"}],"author":[{"embeddable":true,"href":"https:\/\/tendressersonquotidien.fr\/index.php?rest_route=\/wp\/v2\/users\/1"}],"replies":[{"embeddable":true,"href":"https:\/\/tendressersonquotidien.fr\/index.php?rest_route=%2Fwp%2Fv2%2Fcomments&post=71"}],"version-history":[{"count":7,"href":"https:\/\/tendressersonquotidien.fr\/index.php?rest_route=\/wp\/v2\/pages\/71\/revisions"}],"predecessor-version":[{"id":479,"href":"https:\/\/tendressersonquotidien.fr\/index.php?rest_route=\/wp\/v2\/pages\/71\/revisions\/479"}],"wp:featuredmedia":[{"embeddable":true,"href":"https:\/\/tendressersonquotidien.fr\/index.php?rest_route=\/wp\/v2\/media\/104"}],"wp:attachment":[{"href":"https:\/\/tendressersonquotidien.fr\/index.php?rest_route=%2Fwp%2Fv2%2Fmedia&parent=71"}],"curies":[{"name":"wp","href":"https:\/\/api.w.org\/{rel}","templated":true}]}}